{"id":16226,"date":"2021-03-10T15:29:42","date_gmt":"2021-03-10T20:29:42","guid":{"rendered":"http:\/\/ebolacommunicationnetwork.org\/?page_id=16226"},"modified":"2021-03-10T15:29:42","modified_gmt":"2021-03-10T20:29:42","slug":"thank-you-for-your-upload-2","status":"publish","type":"page","link":"https:\/\/ebolacommunicationnetwork.org\/fr\/thank-you-for-your-upload-2\/","title":{"rendered":"Merci pour votre t\u00e9l\u00e9chargement"},"content":{"rendered":"<section  class='av_textblock_section av-km3wa1dp-765bbabc5daabb51d44e1dfce0223d0c'   itemscope=\"itemscope\" itemtype=\"https:\/\/schema.org\/CreativeWork\" ><div class='avia_textblock'  itemprop=\"text\" ><p>Merci pour votre t\u00e9l\u00e9chargement. Nous avons re\u00e7u votre soumission et l&#039;examinerons dans les 24 \u00e0 48 heures.<\/p>\n<\/div><\/section>\n<div  class='av_promobox av-km3wblfe-1f27690c6a593c5f9cc665b49a3fd26f avia-button-yes  avia-builder-el-1  el_after_av_textblock  avia-builder-el-last'><div class='avia-promocontent'><p>Souhaitez-vous rechercher d&#039;autres documents li\u00e9s \u00e0 Ebola\u00a0?<\/p>\n<\/div><div  class='avia-button-wrap av-km3wblfe-9c7b6238b4f7329959bee43c5a156ca2-wrap avia-button-right'><a href=''  class='avia-button av-km3wblfe-9c7b6238b4f7329959bee43c5a156ca2 avia-icon_select-no avia-size-large avia-position-right avia-color-theme-color'  ><span class='avia_iconbox_title' >Recherche<\/span><\/a><\/div><\/div>","protected":false},"excerpt":{"rendered":"","protected":false},"author":79,"featured_media":0,"parent":0,"menu_order":0,"comment_status":"closed","ping_status":"closed","template":"","meta":{"footnotes":""},"yoast_head":"<!-- This site is optimized with the Yoast SEO plugin v21.7 - https:\/\/yoast.com\/wordpress\/plugins\/seo\/ -->\n<title>Thank you for your upload - Ebola Communication Network<\/title>\n<meta name=\"robots\" content=\"index, follow, max-snippet:-1, max-image-preview:large, max-video-preview:-1\" \/>\n<link rel=\"canonical\" href=\"https:\/\/ebolacommunicationnetwork.org\/fr\/thank-you-for-your-upload-2\/\" \/>\n<meta property=\"og:locale\" content=\"fr_FR\" \/>\n<meta property=\"og:type\" content=\"article\" \/>\n<meta property=\"og:title\" content=\"Thank you for your upload - Ebola Communication Network\" \/>\n<meta property=\"og:url\" content=\"https:\/\/ebolacommunicationnetwork.org\/fr\/thank-you-for-your-upload-2\/\" \/>\n<meta property=\"og:site_name\" content=\"Ebola Communication Network\" \/>\n<meta name=\"twitter:card\" content=\"summary_large_image\" \/>\n<meta name=\"twitter:label1\" content=\"Dur\u00e9e de lecture estim\u00e9e\" \/>\n\t<meta name=\"twitter:data1\" content=\"1 minute\" \/>\n<script type=\"application\/ld+json\" class=\"yoast-schema-graph\">{\"@context\":\"https:\/\/schema.org\",\"@graph\":[{\"@type\":\"WebPage\",\"@id\":\"https:\/\/ebolacommunicationnetwork.org\/thank-you-for-your-upload-2\/\",\"url\":\"https:\/\/ebolacommunicationnetwork.org\/thank-you-for-your-upload-2\/\",\"name\":\"Thank you for your upload - Ebola Communication Network\",\"isPartOf\":{\"@id\":\"https:\/\/ebolacommunicationnetwork.org\/#website\"},\"datePublished\":\"2021-03-10T20:29:42+00:00\",\"dateModified\":\"2021-03-10T20:29:42+00:00\",\"breadcrumb\":{\"@id\":\"https:\/\/ebolacommunicationnetwork.org\/thank-you-for-your-upload-2\/#breadcrumb\"},\"inLanguage\":\"fr-FR\",\"potentialAction\":[{\"@type\":\"ReadAction\",\"target\":[\"https:\/\/ebolacommunicationnetwork.org\/thank-you-for-your-upload-2\/\"]}]},{\"@type\":\"BreadcrumbList\",\"@id\":\"https:\/\/ebolacommunicationnetwork.org\/thank-you-for-your-upload-2\/#breadcrumb\",\"itemListElement\":[{\"@type\":\"ListItem\",\"position\":1,\"name\":\"Home\",\"item\":\"https:\/\/ebolacommunicationnetwork.org\/homepage\/\"},{\"@type\":\"ListItem\",\"position\":2,\"name\":\"Thank you for your upload\"}]},{\"@type\":\"WebSite\",\"@id\":\"https:\/\/ebolacommunicationnetwork.org\/#website\",\"url\":\"https:\/\/ebolacommunicationnetwork.org\/\",\"name\":\"Ebola Communication Network\",\"description\":\"\",\"potentialAction\":[{\"@type\":\"SearchAction\",\"target\":{\"@type\":\"EntryPoint\",\"urlTemplate\":\"https:\/\/ebolacommunicationnetwork.org\/?s={search_term_string}\"},\"query-input\":\"required name=search_term_string\"}],\"inLanguage\":\"fr-FR\"}]}<\/script>\n<!-- \/ Yoast SEO plugin. -->","yoast_head_json":{"title":"Thank you for your upload - Ebola Communication Network","robots":{"index":"index","follow":"follow","max-snippet":"max-snippet:-1","max-image-preview":"max-image-preview:large","max-video-preview":"max-video-preview:-1"},"canonical":"https:\/\/ebolacommunicationnetwork.org\/fr\/thank-you-for-your-upload-2\/","og_locale":"fr_FR","og_type":"article","og_title":"Thank you for your upload - Ebola Communication Network","og_url":"https:\/\/ebolacommunicationnetwork.org\/fr\/thank-you-for-your-upload-2\/","og_site_name":"Ebola Communication Network","twitter_card":"summary_large_image","twitter_misc":{"Dur\u00e9e de lecture estim\u00e9e":"1 minute"},"schema":{"@context":"https:\/\/schema.org","@graph":[{"@type":"WebPage","@id":"https:\/\/ebolacommunicationnetwork.org\/thank-you-for-your-upload-2\/","url":"https:\/\/ebolacommunicationnetwork.org\/thank-you-for-your-upload-2\/","name":"Thank you for your upload - Ebola Communication Network","isPartOf":{"@id":"https:\/\/ebolacommunicationnetwork.org\/#website"},"datePublished":"2021-03-10T20:29:42+00:00","dateModified":"2021-03-10T20:29:42+00:00","breadcrumb":{"@id":"https:\/\/ebolacommunicationnetwork.org\/thank-you-for-your-upload-2\/#breadcrumb"},"inLanguage":"fr-FR","potentialAction":[{"@type":"ReadAction","target":["https:\/\/ebolacommunicationnetwork.org\/thank-you-for-your-upload-2\/"]}]},{"@type":"BreadcrumbList","@id":"https:\/\/ebolacommunicationnetwork.org\/thank-you-for-your-upload-2\/#breadcrumb","itemListElement":[{"@type":"ListItem","position":1,"name":"Home","item":"https:\/\/ebolacommunicationnetwork.org\/homepage\/"},{"@type":"ListItem","position":2,"name":"Thank you for your upload"}]},{"@type":"WebSite","@id":"https:\/\/ebolacommunicationnetwork.org\/#website","url":"https:\/\/ebolacommunicationnetwork.org\/","name":"Ebola Communication Network","description":"","potentialAction":[{"@type":"SearchAction","target":{"@type":"EntryPoint","urlTemplate":"https:\/\/ebolacommunicationnetwork.org\/?s={search_term_string}"},"query-input":"required name=search_term_string"}],"inLanguage":"fr-FR"}]}},"_links":{"self":[{"href":"https:\/\/ebolacommunicationnetwork.org\/fr\/wp-json\/wp\/v2\/pages\/16226"}],"collection":[{"href":"https:\/\/ebolacommunicationnetwork.org\/fr\/wp-json\/wp\/v2\/pages"}],"about":[{"href":"https:\/\/ebolacommunicationnetwork.org\/fr\/wp-json\/wp\/v2\/types\/page"}],"author":[{"embeddable":true,"href":"https:\/\/ebolacommunicationnetwork.org\/fr\/wp-json\/wp\/v2\/users\/79"}],"replies":[{"embeddable":true,"href":"https:\/\/ebolacommunicationnetwork.org\/fr\/wp-json\/wp\/v2\/comments?post=16226"}],"version-history":[{"count":0,"href":"https:\/\/ebolacommunicationnetwork.org\/fr\/wp-json\/wp\/v2\/pages\/16226\/revisions"}],"wp:attachment":[{"href":"https:\/\/ebolacommunicationnetwork.org\/fr\/wp-json\/wp\/v2\/media?parent=16226"}],"curies":[{"name":"wp","href":"https:\/\/api.w.org\/{rel}","templated":true}]}}