{"id":16217,"date":"2021-03-08T16:18:49","date_gmt":"2021-03-08T21:18:49","guid":{"rendered":"http:\/\/ebolacommunicationnetwork.org\/?page_id=16217"},"modified":"2021-03-11T10:14:28","modified_gmt":"2021-03-11T15:14:28","slug":"website-policies","status":"publish","type":"page","link":"https:\/\/ebolacommunicationnetwork.org\/fr\/website-policies\/","title":{"rendered":"Politiques du site Web"},"content":{"rendered":"<section  class='av_textblock_section av-km1372gm-3d9ed63d90b360419ad1ebc539c26c38'   itemscope=\"itemscope\" itemtype=\"https:\/\/schema.org\/CreativeWork\" ><div class='avia_textblock'  itemprop=\"text\" ><h2>Avis de confidentialit\u00e9<\/h2>\n<p>Si vous visitez notre site pour lire ou t\u00e9l\u00e9charger des informations :<\/p>\n<p>Nous collectons et stockons uniquement les informations suivantes vous concernant\u00a0: le nom du domaine \u00e0 partir duquel vous acc\u00e9dez \u00e0 Internet (par exemple, gmail.com, si vous vous connectez depuis un compte Google, ou iowa.edu si vous vous connectez depuis l&#039;Universit\u00e9 du domaine de l&#039;Iowa); la date et l&#039;heure auxquelles vous acc\u00e9dez \u00e0 notre site, l&#039;adresse Internet du site Web \u00e0 partir duquel vous avez directement acc\u00e9d\u00e9 \u00e0 notre site, le cas \u00e9ch\u00e9ant\u00a0; et quelles pages vous consultez lorsque vous visitez notre site Web. Nous utilisons les informations que nous recueillons pour compter le nombre de visiteurs dans les diff\u00e9rentes sections de notre site et savoir quelles informations sont les plus consult\u00e9es pour nous aider \u00e0 rendre notre site Web plus utile aux visiteurs. Si vous vous identifiez en nous envoyant un message \u00e9lectronique et que vous d\u00e9cidez de nous envoyer des informations d&#039;identification personnelle, nous utiliserons ces informations d&#039;identification personnelle pour r\u00e9pondre \u00e0 votre commentaire ou suggestion et pour compter le nombre de personnes qui nous envoient des commentaires. Nous n&#039;obtiendrons pas d&#039;informations d&#039;identification personnelle vous concernant lorsque vous visiterez notre site, sauf si vous choisissez de nous fournir ces informations.<\/p>\n<p><strong>Bulletin\/liste de diffusion<\/strong><\/p>\n<p>Si vous <a href=\"http:\/\/eepurl.com\/4ckSv\" target=\"_blank\" rel=\"noopener noreferrer\">inscrivez-vous pour recevoir les mises \u00e0 jour du r\u00e9seau de communication Ebola<\/a>, vous serez en mesure de <a href=\"https:\/\/healthcommcapacity.us6.list-manage.com\/unsubscribe?u=d6b57750c5&amp;id=49c0008d8a\">se d\u00e9sengager<\/a> \u00e0 tout moment.<\/p>\n<h2>Cookies et autres informations stock\u00e9es sur votre ordinateur<\/h2>\n<p>La majorit\u00e9 de ce site n&#039;utilise PAS les &quot;cookies&quot; que certains sites Web utilisent pour collecter et stocker des informations sur vos visites sur leurs sites.<\/p>\n<p>Ce site utilise des cookies tiers. Voici des exemples de services que nous pouvons utiliser\u00a0:<\/p>\n<ul>\n<li>Google Analytics (<a href=\"https:\/\/tools.google.com\/dlpage\/gaoptout?hl=en\">Se d\u00e9sengager<\/a>)<\/li>\n<li>Facebook (<a href=\"https:\/\/www.facebook.com\/help\/568137493302217\">Se d\u00e9sengager<\/a>)<\/li>\n<\/ul>\n<p>Les cookies sont essentiellement des jetons d&#039;informations, tels que les pr\u00e9f\u00e9rences et les mots de passe, que certains serveurs Web collectent aupr\u00e8s de vous lorsque vous y acc\u00e9dez. Ces donn\u00e9es sont stock\u00e9es sur votre disque dur et non sur le serveur du site web. Chaque fois que vous visitez \u00e0 nouveau un site &quot;cookie&quot;, le serveur recherche son cookie sur votre disque dur et, s&#039;il le trouve, lit les informations qu&#039;il y a stock\u00e9es.<\/p>\n<p><strong>Donn\u00e9es de journal<\/strong><\/p>\n<p>Les donn\u00e9es de connexion partag\u00e9es avec Google Analytics sont conserv\u00e9es jusqu&#039;\u00e0 50 mois apr\u00e8s votre derni\u00e8re visite.<\/p>\n<h2>Avis de s\u00e9curit\u00e9<\/h2>\n<p>Pour des raisons de s\u00e9curit\u00e9 du site et pour garantir que ce service reste disponible pour tous les utilisateurs, notre h\u00e9bergeur utilise des logiciels pour surveiller le trafic r\u00e9seau et identifier les tentatives non autoris\u00e9es de t\u00e9l\u00e9charger ou de modifier des informations ou de causer des dommages. Les tentatives non autoris\u00e9es de t\u00e9l\u00e9charger des informations ou de modifier des informations sur ce service sont strictement interdites et peuvent \u00eatre punissables en vertu de la loi de 1986 sur la fraude et les abus informatiques, de la loi sur la protection de l&#039;infrastructure nationale de l&#039;information et de la loi de 1996 sur la protection de l&#039;infrastructure nationale de l&#039;information.<\/p>\n<h2>Restrictions d&#039;utilisation<\/h2>\n<p>Si vous souhaitez utiliser davantage les documents que vous trouvez sur le r\u00e9seau de communication Ebola, veuillez contacter l&#039;organisation productrice. Il est de la responsabilit\u00e9 de l&#039;utilisateur d&#039;obtenir toutes les autorisations pour l&#039;utilisation des mat\u00e9riaux trouv\u00e9s sur ce site. Bien que nous nous efforcions de fournir des informations exactes et compl\u00e8tes sur chaque article, certaines informations peuvent changer entre les mises \u00e0 jour du site. Pour toute aide, veuillez contacter <a href=\"mailto:info@thehealthcompass.org\">info@ebolacommunicationnetwork.org<\/a><\/p>\n<h2>Loi sur la fraude et les abus informatiques<\/h2>\n<p>Les tentatives non autoris\u00e9es de t\u00e9l\u00e9charger des informations et\/ou de modifier des informations sur <a href=\"https:\/\/www.affordable-papers.net\/\">ce site<\/a> sont strictement interdits et sont passibles de poursuites en vertu du Titre 18 USC, Sections 1001 et 1030.<\/p>\n<h2>Droits d&#039;auteur et autorisations<\/h2>\n<p>En g\u00e9n\u00e9ral, le contenu de ce site Web est prot\u00e9g\u00e9 par le droit d&#039;auteur.<\/p>\n<p>Ce que vous pouvez faire sans autorisation\u00a0: sans demander notre autorisation, vous pouvez imprimer des pages de ce site Web, imprimer ou enregistrer des r\u00e9sultats de recherche et t\u00e9l\u00e9charger les fichiers sp\u00e9cifiquement propos\u00e9s en format t\u00e9l\u00e9chargeable (g\u00e9n\u00e9ralement, .pdf, Word ou Power Point). Vous pouvez \u00e9galement utiliser, sans autorisation pr\u00e9alable, le texte des blogs publi\u00e9s avec attribution. Vous pouvez \u00e9galement cr\u00e9er un lien vers ce site Web et son contenu sans autorisation.<\/p>\n<p>Ce que vous devez demander l&#039;autorisation de faire\u00a0: en g\u00e9n\u00e9ral, si vous souhaitez reproduire, republier ou incorporer du texte ou des images de ce site Web dans d&#039;autres sites Web, publications ou autres documents que vous ou d&#039;autres produisez, veuillez contacter l&#039;organisation productrice pour obtenir l&#039;autorisation. Pour tous les mat\u00e9riaux et informations utilis\u00e9s \u00e0 partir de ce site Web, nous vous demandons de citer les sources originales telles qu&#039;elles sont indiqu\u00e9es sur des pages sp\u00e9cifiques. Si aucune autre source sp\u00e9cifique ou information sur l&#039;auteur n&#039;est indiqu\u00e9e, veuillez cr\u00e9diter le r\u00e9seau de communication Ebola.<\/p>\n<p>Il est de la responsabilit\u00e9 de l&#039;utilisateur d&#039;\u00eatre au courant de la l\u00e9gislation et des applications en vigueur sur le droit d&#039;auteur. L&#039;utilisateur s&#039;engage \u00e0 indemniser l&#039;Universit\u00e9 Johns Hopkins de tout co\u00fbt ou r\u00e9clamation pour violation ou droit d&#039;auteur en relation avec des copies d&#039;images ou de textes de ce site Web.<\/p>\n<h2>Avis de non-responsabilit\u00e9<\/h2>\n<p><strong>Liens vers d&#039;autres sites<\/strong><\/p>\n<p>Ce site Web propose des liens vers des sites Web d&#039;autres organisations qui, selon nous, peuvent offrir des informations pertinentes. Une fois que vous acc\u00e9dez \u00e0 un autre site, vous \u00eates soumis aux avis de non-responsabilit\u00e9 et aux politiques de s\u00e9curit\u00e9 et de confidentialit\u00e9 du nouveau site.<\/p>\n<p><strong>Avis de non-responsabilit\u00e9<\/strong><\/p>\n<p>Les documents publi\u00e9s sur ce site Web peuvent contenir des liens vers des informations cr\u00e9\u00e9es et g\u00e9r\u00e9es par d&#039;autres organisations publiques et priv\u00e9es. Ces liens sont fournis pour la commodit\u00e9 des visiteurs. Nous ne contr\u00f4lons ni ne garantissons l&#039;exactitude, la pertinence, l&#039;actualit\u00e9 ou l&#039;exhaustivit\u00e9 des informations li\u00e9es. De plus, l&#039;inclusion de liens vers d&#039;autres sites Web n&#039;est pas destin\u00e9e \u00e0 approuver, recommander ou favoriser les opinions exprim\u00e9es, ou les produits ou services commerciaux offerts sur ces sites ext\u00e9rieurs, ou les organisations parrainant les sites, par nom commercial, marque, fabrication ou Par ailleurs.<\/p>\n<p>La r\u00e9f\u00e9rence dans ce site Web \u00e0 des produits, processus ou services commerciaux sp\u00e9cifiques, ou l&#039;utilisation de tout nom commercial, d&#039;entreprise ou de soci\u00e9t\u00e9 est pour l&#039;information et la commodit\u00e9 des visiteurs du site, et ne constitue pas une approbation, une recommandation ou une faveur de la part de Breakthrough ACTION, l&#039;Universit\u00e9 Johns Hopkins, le Johns Hopkins Center for Communication Programs (CCP), le gouvernement des \u00c9tats-Unis ou l&#039;Agence des \u00c9tats-Unis pour le d\u00e9veloppement international (USAID).<\/p>\n<p>Les points de vue et opinions des auteurs exprim\u00e9s ici ne refl\u00e8tent pas n\u00e9cessairement ceux de Breakthrough ACTION, de l&#039;Universit\u00e9 Johns Hopkins, de JHU\u2219CCP, du gouvernement des \u00c9tats-Unis ou de l&#039;USAID, et ne doivent pas \u00eatre utilis\u00e9s \u00e0 des fins publicitaires ou pour approuver des produits.<\/p>\n<p><strong>Exon\u00e9ration de responsabilit\u00e9<\/strong><\/p>\n<p>Tous les efforts sont faits pour fournir des informations exactes et compl\u00e8tes. Cependant, nous ne pouvons pas garantir qu&#039;il n&#039;y aura pas d&#039;erreurs. Nous ne faisons aucune r\u00e9clamation, promesse ou garantie quant \u00e0 l&#039;exactitude, l&#039;exhaustivit\u00e9 ou l&#039;ad\u00e9quation du contenu de ce site Web et d\u00e9clinons express\u00e9ment toute responsabilit\u00e9 pour les erreurs et omissions dans le contenu de ce site Web.<\/p>\n<p>En ce qui concerne le contenu de ce site, Breakthrough ACTION, l&#039;Universit\u00e9 Johns Hopkins, CCP, le gouvernement des \u00c9tats-Unis ou l&#039;USAID, ou leurs employ\u00e9s et sous-traitants n&#039;offrent aucune garantie, expresse, implicite ou statutaire, y compris, mais sans s&#039;y limiter, les garanties de non-violation des droits de tiers, du titre et des garanties de qualit\u00e9 marchande et d&#039;ad\u00e9quation \u00e0 un usage particulier, en ce qui concerne le contenu disponible sur ce site Web ou d&#039;autres ressources Internet li\u00e9es \u00e0 partir de celui-ci. De plus, l&#039;Universit\u00e9 Johns Hopkins, JHU\u2219CCP, le gouvernement des \u00c9tats-Unis ou l&#039;USAID n&#039;assument aucune responsabilit\u00e9 l\u00e9gale quant \u00e0 l&#039;exactitude, l&#039;exhaustivit\u00e9 ou l&#039;utilit\u00e9 de toute information, produit ou processus divulgu\u00e9 dans les pr\u00e9sentes ou l&#039;absence de virus informatiques, et ne d\u00e9clare pas que l&#039;utilisation de ces informations, produits ou processus n&#039;enfreindrait pas les droits de propri\u00e9t\u00e9 priv\u00e9e.<\/p>\n<p><strong>Autres clauses de non-responsabilit\u00e9<\/strong><\/p>\n<p>Les informations fournies sur ce site Web ne sont pas des informations officielles du gouvernement am\u00e9ricain et ne repr\u00e9sentent pas les vues ou les positions de l&#039;Agence am\u00e9ricaine pour le d\u00e9veloppement international, du gouvernement am\u00e9ricain ou de l&#039;Universit\u00e9 Johns Hopkins. En particulier, les points de vue et opinions exprim\u00e9s dans le blog sont ceux des contributeurs individuels\u00a0; ne sont pas des informations officielles du gouvernement am\u00e9ricain\u00a0; et ne repr\u00e9sentent pas n\u00e9cessairement les points de vue ou les positions de Breakthrough ACTION, de l&#039;Universit\u00e9 Johns Hopkins, de JHU\u2219CCP, du gouvernement des \u00c9tats-Unis ou de l&#039;USAID.<\/p>\n<h2>Pour plus d&#039;informations<\/h2>\n<p>Si vous avez des questions ou des commentaires sur les informations pr\u00e9sent\u00e9es ici, veuillez contacter :<\/p>\n<p>ACTION r\u00e9volutionnaire bas\u00e9e \u00e0\u00a0:<\/p>\n<p>\u00c9cole de sant\u00e9 publique Johns Hopkins Bloomberg<br \/>\nCentre des programmes de communication<br \/>\n111, place du march\u00e9, bureau 310<br \/>\nBaltimore, MD, 21202<br \/>\nEtats-Unis<br \/>\nT\u00e9l : 410-659-6300 | T\u00e9l\u00e9copieur : 410-659-6266<br \/>\n<a href=\"mailto:info@thehealthcompass.org\">info@ebolacommunicationnetwork.org<\/a><\/p>\n<p><strong>Cr\u00e9dits photos\u00a0:<\/strong><\/p>\n<p><a href=\"https:\/\/creativecommons.org\/licenses\/by-nd\/2.0\/legalcode\"><strong>Image de la page d&#039;accueil 1<\/strong><\/a>: <a href=\"https:\/\/www.flickr.com\/photos\/69583224@N05\/14700430098\">Sierra Leone : dans l&#039;\u00e9picentre d&#039;Ebola | Cr\u00e9dits photos : \u00a9CE\/ECHO\/Cyprien Fabre<\/a><\/p>\n<p><a href=\"https:\/\/creativecommons.org\/licenses\/by-nd\/2.0\/legalcode\"><strong>Image de la page d&#039;accueil 2<\/strong><\/a>: Commission europ\u00e9enne DG ECHO \u2013 <a href=\"https:\/\/www.flickr.com\/photos\/69583224@N05\/14819606826\/in\/photostream\/\">La lutte contre Ebola en Guin\u00e9e | Cr\u00e9dits photos : \u00a9afreecom\/Idrissa Soumar\u00e9<\/a><\/p>\n<p><a href=\"https:\/\/creativecommons.org\/licenses\/by-nd\/2.0\/legalcode\"><strong>Image de la page d&#039;accueil 3<\/strong><\/a>: <a href=\"https:\/\/www.flickr.com\/photos\/69583224@N05\/13717624625\/in\/set-72157643648721844\">Ebola en Guin\u00e9e | \u00a9CE\/ECHO<\/a><\/p>\n<p><a href=\"https:\/\/creativecommons.org\/licenses\/by-nd\/2.0\/legalcode\"><strong>Image de la page d&#039;accueil 4<\/strong><\/a>: <a href=\"https:\/\/www.flickr.com\/photos\/usaid_images\/15175260417\">Le personnel de l&#039;USAID \u00e0 Island Clinic lave les v\u00eatements des agents de sant\u00e9 apr\u00e8s leur entr\u00e9e dans l&#039;unit\u00e9 de traitement d&#039;Ebola | Photo de Morgana Wingard<\/a><\/p>\n<p><a href=\"https:\/\/creativecommons.org\/licenses\/by-nd\/2.0\/legalcode\"><strong>Image de la page d&#039;accueil 5<\/strong><\/a>: UNICEF Guin\u00e9e \u2013 <a href=\"https:\/\/www.flickr.com\/photos\/unicefguinea\/15033775535\">Des enfants de Matam, Conakry, \u00e9coutent l&#039;UNICEF expliquer l&#039;\u00e9pid\u00e9mie actuelle d&#039;Ebola et les moyens d&#039;arr\u00eater la propagation<\/a><\/p>\n<\/div><\/section>","protected":false},"excerpt":{"rendered":"","protected":false},"author":79,"featured_media":0,"parent":0,"menu_order":0,"comment_status":"closed","ping_status":"closed","template":"","meta":{"footnotes":""},"yoast_head":"<!-- This site is optimized with the Yoast SEO plugin v21.7 - https:\/\/yoast.com\/wordpress\/plugins\/seo\/ -->\n<title>Website Policies - Ebola Communication Network<\/title>\n<meta name=\"robots\" content=\"index, follow, max-snippet:-1, max-image-preview:large, max-video-preview:-1\" \/>\n<link rel=\"canonical\" href=\"https:\/\/ebolacommunicationnetwork.org\/fr\/website-policies\/\" \/>\n<meta property=\"og:locale\" content=\"fr_FR\" \/>\n<meta property=\"og:type\" content=\"article\" \/>\n<meta property=\"og:title\" content=\"Website Policies - Ebola Communication Network\" \/>\n<meta property=\"og:url\" content=\"https:\/\/ebolacommunicationnetwork.org\/fr\/website-policies\/\" \/>\n<meta property=\"og:site_name\" content=\"Ebola Communication Network\" \/>\n<meta property=\"article:modified_time\" content=\"2021-03-11T15:14:28+00:00\" \/>\n<meta name=\"twitter:card\" content=\"summary_large_image\" \/>\n<meta name=\"twitter:label1\" content=\"Dur\u00e9e de lecture estim\u00e9e\" \/>\n\t<meta name=\"twitter:data1\" content=\"7 minutes\" \/>\n<script type=\"application\/ld+json\" class=\"yoast-schema-graph\">{\"@context\":\"https:\/\/schema.org\",\"@graph\":[{\"@type\":\"WebPage\",\"@id\":\"https:\/\/ebolacommunicationnetwork.org\/website-policies\/\",\"url\":\"https:\/\/ebolacommunicationnetwork.org\/website-policies\/\",\"name\":\"Website Policies - Ebola Communication Network\",\"isPartOf\":{\"@id\":\"https:\/\/ebolacommunicationnetwork.org\/#website\"},\"datePublished\":\"2021-03-08T21:18:49+00:00\",\"dateModified\":\"2021-03-11T15:14:28+00:00\",\"breadcrumb\":{\"@id\":\"https:\/\/ebolacommunicationnetwork.org\/website-policies\/#breadcrumb\"},\"inLanguage\":\"fr-FR\",\"potentialAction\":[{\"@type\":\"ReadAction\",\"target\":[\"https:\/\/ebolacommunicationnetwork.org\/website-policies\/\"]}]},{\"@type\":\"BreadcrumbList\",\"@id\":\"https:\/\/ebolacommunicationnetwork.org\/website-policies\/#breadcrumb\",\"itemListElement\":[{\"@type\":\"ListItem\",\"position\":1,\"name\":\"Home\",\"item\":\"https:\/\/ebolacommunicationnetwork.org\/homepage\/\"},{\"@type\":\"ListItem\",\"position\":2,\"name\":\"Website Policies\"}]},{\"@type\":\"WebSite\",\"@id\":\"https:\/\/ebolacommunicationnetwork.org\/#website\",\"url\":\"https:\/\/ebolacommunicationnetwork.org\/\",\"name\":\"Ebola Communication Network\",\"description\":\"\",\"potentialAction\":[{\"@type\":\"SearchAction\",\"target\":{\"@type\":\"EntryPoint\",\"urlTemplate\":\"https:\/\/ebolacommunicationnetwork.org\/?s={search_term_string}\"},\"query-input\":\"required name=search_term_string\"}],\"inLanguage\":\"fr-FR\"}]}<\/script>\n<!-- \/ Yoast SEO plugin. -->","yoast_head_json":{"title":"Website Policies - Ebola Communication Network","robots":{"index":"index","follow":"follow","max-snippet":"max-snippet:-1","max-image-preview":"max-image-preview:large","max-video-preview":"max-video-preview:-1"},"canonical":"https:\/\/ebolacommunicationnetwork.org\/fr\/website-policies\/","og_locale":"fr_FR","og_type":"article","og_title":"Website Policies - Ebola Communication Network","og_url":"https:\/\/ebolacommunicationnetwork.org\/fr\/website-policies\/","og_site_name":"Ebola Communication Network","article_modified_time":"2021-03-11T15:14:28+00:00","twitter_card":"summary_large_image","twitter_misc":{"Dur\u00e9e de lecture estim\u00e9e":"7 minutes"},"schema":{"@context":"https:\/\/schema.org","@graph":[{"@type":"WebPage","@id":"https:\/\/ebolacommunicationnetwork.org\/website-policies\/","url":"https:\/\/ebolacommunicationnetwork.org\/website-policies\/","name":"Website Policies - Ebola Communication Network","isPartOf":{"@id":"https:\/\/ebolacommunicationnetwork.org\/#website"},"datePublished":"2021-03-08T21:18:49+00:00","dateModified":"2021-03-11T15:14:28+00:00","breadcrumb":{"@id":"https:\/\/ebolacommunicationnetwork.org\/website-policies\/#breadcrumb"},"inLanguage":"fr-FR","potentialAction":[{"@type":"ReadAction","target":["https:\/\/ebolacommunicationnetwork.org\/website-policies\/"]}]},{"@type":"BreadcrumbList","@id":"https:\/\/ebolacommunicationnetwork.org\/website-policies\/#breadcrumb","itemListElement":[{"@type":"ListItem","position":1,"name":"Home","item":"https:\/\/ebolacommunicationnetwork.org\/homepage\/"},{"@type":"ListItem","position":2,"name":"Website Policies"}]},{"@type":"WebSite","@id":"https:\/\/ebolacommunicationnetwork.org\/#website","url":"https:\/\/ebolacommunicationnetwork.org\/","name":"Ebola Communication Network","description":"","potentialAction":[{"@type":"SearchAction","target":{"@type":"EntryPoint","urlTemplate":"https:\/\/ebolacommunicationnetwork.org\/?s={search_term_string}"},"query-input":"required name=search_term_string"}],"inLanguage":"fr-FR"}]}},"_links":{"self":[{"href":"https:\/\/ebolacommunicationnetwork.org\/fr\/wp-json\/wp\/v2\/pages\/16217"}],"collection":[{"href":"https:\/\/ebolacommunicationnetwork.org\/fr\/wp-json\/wp\/v2\/pages"}],"about":[{"href":"https:\/\/ebolacommunicationnetwork.org\/fr\/wp-json\/wp\/v2\/types\/page"}],"author":[{"embeddable":true,"href":"https:\/\/ebolacommunicationnetwork.org\/fr\/wp-json\/wp\/v2\/users\/79"}],"replies":[{"embeddable":true,"href":"https:\/\/ebolacommunicationnetwork.org\/fr\/wp-json\/wp\/v2\/comments?post=16217"}],"version-history":[{"count":0,"href":"https:\/\/ebolacommunicationnetwork.org\/fr\/wp-json\/wp\/v2\/pages\/16217\/revisions"}],"wp:attachment":[{"href":"https:\/\/ebolacommunicationnetwork.org\/fr\/wp-json\/wp\/v2\/media?parent=16217"}],"curies":[{"name":"wp","href":"https:\/\/api.w.org\/{rel}","templated":true}]}}