{"id":16185,"date":"2021-03-08T14:05:54","date_gmt":"2021-03-08T19:05:54","guid":{"rendered":"http:\/\/ebolacommunicationnetwork.org\/?page_id=16185"},"modified":"2021-04-08T16:09:17","modified_gmt":"2021-04-08T20:09:17","slug":"featured","status":"publish","type":"page","link":"https:\/\/ebolacommunicationnetwork.org\/fr\/featured\/","title":{"rendered":"Mis en exergue"},"content":{"rendered":"<div class='flex_column_table av-3ed4g9l-1ab5b25c481f846921450fbedc371107 sc-av_one_full av-equal-height-column-flextable'>\n<style type=\"text\/css\" data-created_by=\"avia_inline_auto\" id=\"style-css-av-3ed4g9l-1ab5b25c481f846921450fbedc371107\">\n.flex_column.av-3ed4g9l-1ab5b25c481f846921450fbedc371107{\nborder-radius:0px 0px 0px 0px;\npadding:10px 10px 10px 10px;\nbackground-color:#199f92;\n}\n<\/style>\n<div  class='flex_column av-3ed4g9l-1ab5b25c481f846921450fbedc371107 av_one_full  avia-builder-el-0  el_before_av_one_full  avia-builder-el-first  first flex_column_table_cell av-equal-height-column av-align-top'     ><style type=\"text\/css\" data-created_by=\"avia_inline_auto\" id=\"style-css-av-345jfdl-0c5b2de76fa78c9672416063a4e885f6\">\n#top .av_textblock_section.av-345jfdl-0c5b2de76fa78c9672416063a4e885f6 .avia_textblock{\ncolor:#ffffff;\n}\n<\/style>\n<section  class='av_textblock_section av-345jfdl-0c5b2de76fa78c9672416063a4e885f6'   itemscope=\"itemscope\" itemtype=\"https:\/\/schema.org\/CreativeWork\" ><div class='avia_textblock av_inherit_color'  itemprop=\"text\" ><h1 style=\"text-align: center;\">RESSOURCES EN VEDETTE<\/h1>\n<\/div><\/section><br \/>\n\n<style type=\"text\/css\" data-created_by=\"avia_inline_auto\" id=\"style-css-av-kn95avcx-b303713de7b5a15f4e8af1615b98ad79\">\n#top .av_textblock_section.av-kn95avcx-b303713de7b5a15f4e8af1615b98ad79 .avia_textblock{\ncolor:#ffffff;\n}\n<\/style>\n<section  class='av_textblock_section av-kn95avcx-b303713de7b5a15f4e8af1615b98ad79'   itemscope=\"itemscope\" itemtype=\"https:\/\/schema.org\/CreativeWork\" ><div class='avia_textblock av_inherit_color'  itemprop=\"text\" ><p style=\"text-align: center;\">Les ressources de la section en vedette sont celles qui, selon notre \u00e9quipe de conservateurs, seront d&#039;un grand int\u00e9r\u00eat pour les praticiens et pr\u00e9sentent des documents nouvellement d\u00e9velopp\u00e9s ou r\u00e9vis\u00e9s utilis\u00e9s en r\u00e9ponse aux \u00e9pid\u00e9mies actuelles d&#039;Ebola.<\/p>\n<\/div><\/section><\/p><\/div><\/div><!--close column table wrapper. Autoclose: 1 -->\n<style type=\"text\/css\" data-created_by=\"avia_inline_auto\" id=\"style-css-av-237w22h-f3318bfde6280133ccf8cfb550288fcf\">\n.flex_column.av-237w22h-f3318bfde6280133ccf8cfb550288fcf{\nborder-radius:0px 0px 0px 0px;\npadding:0px 0px 0px 0px;\n}\n<\/style>\n<div  class='flex_column av-237w22h-f3318bfde6280133ccf8cfb550288fcf av_one_full  avia-builder-el-3  el_after_av_one_full  el_before_av_layout_row  avia-builder-el-last  first flex_column_div av-zero-column-padding  column-top-margin'     ><section  class='av_textblock_section av-kn7rn8gk-0131e7721a2151c3ef10677927d73637'   itemscope=\"itemscope\" itemtype=\"https:\/\/schema.org\/CreativeWork\" ><div class='avia_textblock'  itemprop=\"text\" ><div class=\"facetwp-template\" data-name=\"ecn_featured_resources\">\n<div class=\"overview\">\n    <div class=\"date\">1 novembre 2021<\/div>\n        <div class=\"proj_mat_description\"><h3><a href=\"https:\/\/ebolacommunicationnetwork.org\/fr\/ebolacomresource\/zero-ebola-90-day-surveillance\/\">Z\u00e9ro Ebola\u00a0: 90\u00a0jours de surveillance<\/a><\/h3>\n        <div class=\"search-image\">\n            <img src=\"https:\/\/ebolacommunicationnetwork.org\/wp-content\/uploads\/2021\/10\/zero-ebola-300x169.jpeg\" alt=\"Zero Ebola\">        <\/div>\n        <p class=\"resource-tags\"><span class='resource-type video'>Vid\u00e9o<\/span><\/p>\n        <p><\/p>\n    <\/div>\n<\/div>\n\n<div class=\"overview\">\n    <div class=\"date\">17 octobre 2021<\/div>\n        <div class=\"proj_mat_description\"><h3><a href=\"https:\/\/ebolacommunicationnetwork.org\/fr\/ebolacomresource\/ebola-rumor-management-guide\/\">Guide de gestion des rumeurs d&#039;Ebola<\/a><\/h3>\n        <div class=\"search-image\">\n            <img src=\"https:\/\/ebolacommunicationnetwork.org\/wp-content\/uploads\/2021\/11\/GuidedesRumeursEbola3.pdf-2021-11-11-at-2.13.16-PM-213x300.jpg\" alt=\"\">        <\/div>\n        <p class=\"resource-tags\"><span class='resource-type guide'>Guide<\/span><\/p>\n        <p><\/p>\n    <\/div>\n<\/div>\n\n<div class=\"overview\">\n    <div class=\"date\">15 juin 2021<\/div>\n        <div class=\"proj_mat_description\"><h3><a href=\"https:\/\/ebolacommunicationnetwork.org\/fr\/ebolacomresource\/ebola-video-guinea-male-heads-of-households\/\">Vid\u00e9o Ebola \u2013 Guin\u00e9e (hommes chefs de famille)<\/a><\/h3>\n        <div class=\"search-image\">\n            <img src=\"https:\/\/ebolacommunicationnetwork.org\/wp-content\/uploads\/2021\/06\/ebola-video-guinea-male-heads-of-households-300x214.jpeg\" alt=\"A man in Guinea talking about Ebola\">        <\/div>\n        <p class=\"resource-tags\"><span class='resource-type guide'>Guide<\/span><\/p>\n        <p><\/p>\n    <\/div>\n<\/div>\n\n<div class=\"overview\">\n    <div class=\"date\"><\/div>\n        <div class=\"proj_mat_description\"><h3><a href=\"https:\/\/ebolacommunicationnetwork.org\/fr\/ebolacomresource\/ebola-video-guinea-women-and-female-heads-of-households\/\">Vid\u00e9o Ebola \u2013 Guin\u00e9e (Femmes et femmes chefs de m\u00e9nage)<\/a><\/h3>\n        <div class=\"search-image\">\n            <img src=\"https:\/\/ebolacommunicationnetwork.org\/wp-content\/uploads\/2021\/06\/ebola-video-guinea-women-and-female-heads-of-households-300x221.jpeg\" alt=\"A women in Guinea talking about Ebola\">        <\/div>\n        <p class=\"resource-tags\"><span class='resource-type video'>Vid\u00e9o<\/span><\/p>\n        <p><\/p>\n    <\/div>\n<\/div>\n\n<div class=\"overview\">\n    <div class=\"date\">9 juin 2021<\/div>\n        <div class=\"proj_mat_description\"><h3><a href=\"https:\/\/ebolacommunicationnetwork.org\/fr\/ebolacomresource\/radio-spot-ebola-vaccination\/\">Spot radio \u2013 Vaccination Ebola<\/a><\/h3>\n        <div class=\"search-image\">\n            <img src=\"https:\/\/ebolacommunicationnetwork.org\/wp-content\/uploads\/2021\/04\/radio4-300x267.jpeg\" alt=\"Image of a radio\">        <\/div>\n        <p class=\"resource-tags\"><span class='resource-type radio'>Radio<\/span><\/p>\n        <p><\/p>\n    <\/div>\n<\/div>\n\n<div class=\"overview\">\n    <div class=\"date\">25 mai 2021<\/div>\n        <div class=\"proj_mat_description\"><h3><a href=\"https:\/\/ebolacommunicationnetwork.org\/fr\/ebolacomresource\/ebola-communication-preparedness-implementation-kit\/\">Kit de mise en \u0153uvre de la pr\u00e9paration \u00e0 la communication contre Ebola<\/a><\/h3>\n        <div class=\"search-image\">\n            <img src=\"https:\/\/ebolacommunicationnetwork.org\/wp-content\/uploads\/2015\/09\/Ebola-Comm-Preparedness-Kit-1-232x300.png\" alt=\"\">        <\/div>\n        <p class=\"resource-tags\"><span class='resource-type i-kit'>I-Kit<\/span><\/p>\n        <p><\/p>\n    <\/div>\n<\/div>\n<\/div>\n<\/div><\/section><\/div>\n<\/div><\/div><\/div><!-- close content main div --><\/div><\/div><div id='subscribe-bar'  class='av-layout-grid-container av-kmnxecku-f2a997e0c4619744ca1a8d473ea2a7da entry-content-wrapper main_color av-flex-cells  avia-builder-el-5  el_after_av_one_full  avia-builder-el-last  grid-row-not-first  container_wrap sidebar_right'  >\n\n<style type=\"text\/css\" data-created_by=\"avia_inline_auto\" id=\"style-css-av-18o45fd-92772e0dd9b099e00e9d9c9a840119bc\">\n.flex_cell.av-18o45fd-92772e0dd9b099e00e9d9c9a840119bc{\nvertical-align:top;\nbackground-color:#55b85f;\n}\n.responsive #top #wrap_all .flex_cell.av-18o45fd-92772e0dd9b099e00e9d9c9a840119bc{\npadding:30px 120px 30px 120px !important;\n}\n<\/style>\n<div class='flex_cell av-18o45fd-92772e0dd9b099e00e9d9c9a840119bc av-gridrow-cell av_one_full no_margin  avia-builder-el-6  avia-builder-el-no-sibling'  ><div class='flex_cell_inner'><section  class='av_textblock_section av-jn2qih-bfbbe10aacaf07b6eac299e5f1d92c2e'   itemscope=\"itemscope\" itemtype=\"https:\/\/schema.org\/CreativeWork\" ><div class='avia_textblock'  itemprop=\"text\" ><p>[mc4wp_form id=\u201d16660\u2033]<\/p>\n<\/div><\/section>\n<\/div><\/div>\n<\/div>","protected":false},"excerpt":{"rendered":"","protected":false},"author":79,"featured_media":0,"parent":0,"menu_order":0,"comment_status":"closed","ping_status":"closed","template":"","meta":{"footnotes":""},"yoast_head":"<!-- This site is optimized with the Yoast SEO plugin v21.7 - https:\/\/yoast.com\/wordpress\/plugins\/seo\/ -->\n<title>Featured - Ebola Communication Network<\/title>\n<meta name=\"robots\" content=\"index, follow, max-snippet:-1, max-image-preview:large, max-video-preview:-1\" \/>\n<link rel=\"canonical\" href=\"https:\/\/ebolacommunicationnetwork.org\/fr\/featured\/\" \/>\n<meta property=\"og:locale\" content=\"fr_FR\" \/>\n<meta property=\"og:type\" content=\"article\" \/>\n<meta property=\"og:title\" content=\"Featured - Ebola Communication Network\" \/>\n<meta property=\"og:url\" content=\"https:\/\/ebolacommunicationnetwork.org\/fr\/featured\/\" \/>\n<meta property=\"og:site_name\" content=\"Ebola Communication Network\" \/>\n<meta property=\"article:modified_time\" content=\"2021-04-08T20:09:17+00:00\" \/>\n<meta name=\"twitter:card\" content=\"summary_large_image\" \/>\n<meta name=\"twitter:label1\" content=\"Dur\u00e9e de lecture estim\u00e9e\" \/>\n\t<meta name=\"twitter:data1\" content=\"3 minutes\" \/>\n<script type=\"application\/ld+json\" class=\"yoast-schema-graph\">{\"@context\":\"https:\/\/schema.org\",\"@graph\":[{\"@type\":\"WebPage\",\"@id\":\"https:\/\/ebolacommunicationnetwork.org\/featured\/\",\"url\":\"https:\/\/ebolacommunicationnetwork.org\/featured\/\",\"name\":\"Featured - Ebola Communication Network\",\"isPartOf\":{\"@id\":\"https:\/\/ebolacommunicationnetwork.org\/#website\"},\"datePublished\":\"2021-03-08T19:05:54+00:00\",\"dateModified\":\"2021-04-08T20:09:17+00:00\",\"breadcrumb\":{\"@id\":\"https:\/\/ebolacommunicationnetwork.org\/featured\/#breadcrumb\"},\"inLanguage\":\"fr-FR\",\"potentialAction\":[{\"@type\":\"ReadAction\",\"target\":[\"https:\/\/ebolacommunicationnetwork.org\/featured\/\"]}]},{\"@type\":\"BreadcrumbList\",\"@id\":\"https:\/\/ebolacommunicationnetwork.org\/featured\/#breadcrumb\",\"itemListElement\":[{\"@type\":\"ListItem\",\"position\":1,\"name\":\"Home\",\"item\":\"https:\/\/ebolacommunicationnetwork.org\/homepage\/\"},{\"@type\":\"ListItem\",\"position\":2,\"name\":\"Featured\"}]},{\"@type\":\"WebSite\",\"@id\":\"https:\/\/ebolacommunicationnetwork.org\/#website\",\"url\":\"https:\/\/ebolacommunicationnetwork.org\/\",\"name\":\"Ebola Communication Network\",\"description\":\"\",\"potentialAction\":[{\"@type\":\"SearchAction\",\"target\":{\"@type\":\"EntryPoint\",\"urlTemplate\":\"https:\/\/ebolacommunicationnetwork.org\/?s={search_term_string}\"},\"query-input\":\"required name=search_term_string\"}],\"inLanguage\":\"fr-FR\"}]}<\/script>\n<!-- \/ Yoast SEO plugin. -->","yoast_head_json":{"title":"Featured - Ebola Communication Network","robots":{"index":"index","follow":"follow","max-snippet":"max-snippet:-1","max-image-preview":"max-image-preview:large","max-video-preview":"max-video-preview:-1"},"canonical":"https:\/\/ebolacommunicationnetwork.org\/fr\/featured\/","og_locale":"fr_FR","og_type":"article","og_title":"Featured - Ebola Communication Network","og_url":"https:\/\/ebolacommunicationnetwork.org\/fr\/featured\/","og_site_name":"Ebola Communication Network","article_modified_time":"2021-04-08T20:09:17+00:00","twitter_card":"summary_large_image","twitter_misc":{"Dur\u00e9e de lecture estim\u00e9e":"3 minutes"},"schema":{"@context":"https:\/\/schema.org","@graph":[{"@type":"WebPage","@id":"https:\/\/ebolacommunicationnetwork.org\/featured\/","url":"https:\/\/ebolacommunicationnetwork.org\/featured\/","name":"Featured - Ebola Communication Network","isPartOf":{"@id":"https:\/\/ebolacommunicationnetwork.org\/#website"},"datePublished":"2021-03-08T19:05:54+00:00","dateModified":"2021-04-08T20:09:17+00:00","breadcrumb":{"@id":"https:\/\/ebolacommunicationnetwork.org\/featured\/#breadcrumb"},"inLanguage":"fr-FR","potentialAction":[{"@type":"ReadAction","target":["https:\/\/ebolacommunicationnetwork.org\/featured\/"]}]},{"@type":"BreadcrumbList","@id":"https:\/\/ebolacommunicationnetwork.org\/featured\/#breadcrumb","itemListElement":[{"@type":"ListItem","position":1,"name":"Home","item":"https:\/\/ebolacommunicationnetwork.org\/homepage\/"},{"@type":"ListItem","position":2,"name":"Featured"}]},{"@type":"WebSite","@id":"https:\/\/ebolacommunicationnetwork.org\/#website","url":"https:\/\/ebolacommunicationnetwork.org\/","name":"Ebola Communication Network","description":"","potentialAction":[{"@type":"SearchAction","target":{"@type":"EntryPoint","urlTemplate":"https:\/\/ebolacommunicationnetwork.org\/?s={search_term_string}"},"query-input":"required name=search_term_string"}],"inLanguage":"fr-FR"}]}},"_links":{"self":[{"href":"https:\/\/ebolacommunicationnetwork.org\/fr\/wp-json\/wp\/v2\/pages\/16185"}],"collection":[{"href":"https:\/\/ebolacommunicationnetwork.org\/fr\/wp-json\/wp\/v2\/pages"}],"about":[{"href":"https:\/\/ebolacommunicationnetwork.org\/fr\/wp-json\/wp\/v2\/types\/page"}],"author":[{"embeddable":true,"href":"https:\/\/ebolacommunicationnetwork.org\/fr\/wp-json\/wp\/v2\/users\/79"}],"replies":[{"embeddable":true,"href":"https:\/\/ebolacommunicationnetwork.org\/fr\/wp-json\/wp\/v2\/comments?post=16185"}],"version-history":[{"count":0,"href":"https:\/\/ebolacommunicationnetwork.org\/fr\/wp-json\/wp\/v2\/pages\/16185\/revisions"}],"wp:attachment":[{"href":"https:\/\/ebolacommunicationnetwork.org\/fr\/wp-json\/wp\/v2\/media?parent=16185"}],"curies":[{"name":"wp","href":"https:\/\/api.w.org\/{rel}","templated":true}]}}